{"id":6,"date":"2025-03-19T16:13:42","date_gmt":"2025-03-19T16:13:42","guid":{"rendered":"https:\/\/u395956.stronazen.pl\/rezerwacja\/"},"modified":"2025-03-26T11:57:02","modified_gmt":"2025-03-26T11:57:02","slug":"rezerwacja","status":"publish","type":"page","link":"https:\/\/u395956.stronazen.pl\/de\/rezerwacja\/","title":{"rendered":"wynajem"},"content":{"rendered":"\t\t<div data-elementor-type=\"wp-page\" data-elementor-id=\"6\" class=\"elementor elementor-6\" data-elementor-post-type=\"page\">\n\t\t\t\t<div class=\"elementor-element elementor-element-1270fca7 e-con-full e-flex e-con e-parent\" data-id=\"1270fca7\" data-element_type=\"container\" data-e-type=\"container\" data-settings=\"{&quot;background_background&quot;:&quot;classic&quot;}\">\n\t\t<div class=\"elementor-element elementor-element-50857457 e-con-full e-flex e-con e-child\" data-id=\"50857457\" data-element_type=\"container\" data-e-type=\"container\">\n\t\t\t\t<div class=\"elementor-element elementor-element-c96e6a0 elementor-invisible elementor-widget elementor-widget-image\" data-id=\"c96e6a0\" data-element_type=\"widget\" data-e-type=\"widget\" data-settings=\"{&quot;_animation&quot;:&quot;fadeIn&quot;,&quot;_animation_delay&quot;:200}\" data-widget_type=\"image.default\">\n\t\t\t\t<div class=\"elementor-widget-container\">\n\t\t\t\t\t\t\t\t\t\t\t\t\t\t\t<img fetchpriority=\"high\" decoding=\"async\" width=\"800\" height=\"600\" src=\"https:\/\/u395956.stronazen.pl\/wp-content\/uploads\/2025\/03\/V3.png\" class=\"attachment-large size-large wp-image-20\" alt=\"\" srcset=\"https:\/\/u395956.stronazen.pl\/wp-content\/uploads\/2025\/03\/V3.png 800w, https:\/\/u395956.stronazen.pl\/wp-content\/uploads\/2025\/03\/V3-300x225.png 300w, https:\/\/u395956.stronazen.pl\/wp-content\/uploads\/2025\/03\/V3-768x576.png 768w\" sizes=\"(max-width: 800px) 100vw, 800px\" \/>\t\t\t\t\t\t\t\t\t\t\t\t\t\t\t<\/div>\n\t\t\t\t<\/div>\n\t\t\t\t<div class=\"elementor-element elementor-element-3be68604 elementor-invisible elementor-widget elementor-widget-heading\" data-id=\"3be68604\" data-element_type=\"widget\" data-e-type=\"widget\" data-settings=\"{&quot;_animation&quot;:&quot;fadeIn&quot;,&quot;_animation_delay&quot;:400}\" data-widget_type=\"heading.default\">\n\t\t\t\t<div class=\"elementor-widget-container\">\n\t\t\t\t\t<h2 class=\"elementor-heading-title elementor-size-default\">KACZMAREK<\/h2>\t\t\t\t<\/div>\n\t\t\t\t<\/div>\n\t\t\t\t<div class=\"elementor-element elementor-element-b3a356e elementor-widget elementor-widget-heading\" data-id=\"b3a356e\" data-element_type=\"widget\" data-e-type=\"widget\" data-widget_type=\"heading.default\">\n\t\t\t\t<div class=\"elementor-widget-container\">\n\t\t\t\t\t<h2 class=\"elementor-heading-title elementor-size-default\">+49 157 740 76 076<\/h2>\t\t\t\t<\/div>\n\t\t\t\t<\/div>\n\t\t\t\t<\/div>\n\t\t\t\t<\/div>\n\t\t<div class=\"elementor-element elementor-element-4cd47eb1 e-con-full e-flex e-con e-parent\" data-id=\"4cd47eb1\" data-element_type=\"container\" data-e-type=\"container\" data-settings=\"{&quot;background_background&quot;:&quot;classic&quot;,&quot;sticky&quot;:&quot;top&quot;,&quot;sticky_on&quot;:[&quot;desktop&quot;,&quot;tablet&quot;,&quot;mobile&quot;],&quot;sticky_offset&quot;:0,&quot;sticky_effects_offset&quot;:0,&quot;sticky_anchor_link_offset&quot;:0}\">\n\t\t\t\t<div class=\"elementor-element elementor-element-199d479 uael-nav-menu__align-right uael-submenu-open-hover uael-submenu-icon-arrow uael-submenu-animation-none uael-link-redirect-child uael-nav-menu__breakpoint-tablet uael-nav-menu-toggle-label-no elementor-widget elementor-widget-global elementor-global-317 elementor-widget-uael-nav-menu\" data-id=\"199d479\" data-element_type=\"widget\" data-e-type=\"widget\" data-settings=\"{&quot;distance_from_menu&quot;:{&quot;unit&quot;:&quot;px&quot;,&quot;size&quot;:&quot;&quot;,&quot;sizes&quot;:[]},&quot;distance_from_menu_tablet&quot;:{&quot;unit&quot;:&quot;px&quot;,&quot;size&quot;:&quot;&quot;,&quot;sizes&quot;:[]},&quot;distance_from_menu_mobile&quot;:{&quot;unit&quot;:&quot;px&quot;,&quot;size&quot;:&quot;&quot;,&quot;sizes&quot;:[]}}\" data-widget_type=\"uael-nav-menu.default\">\n\t\t\t\t<div class=\"elementor-widget-container\">\n\t\t\t\t\t\t\t<div class=\"uael-nav-menu uael-layout-horizontal uael-nav-menu-layout uael-pointer__none\" data-layout=\"horizontal\">\n\t\t\t\t<div role=\"button\" class=\"uael-nav-menu__toggle elementor-clickable\">\n\t\t\t\t\t<span class=\"screen-reader-text\">Main Menu<\/span>\n\t\t\t\t\t<div class=\"uael-nav-menu-icon\">\n\t\t\t\t\t\t<svg aria-hidden=\"true\" class=\"e-font-icon-svg e-fas-align-justify\" viewBox=\"0 0 448 512\" xmlns=\"http:\/\/www.w3.org\/2000\/svg\"><path d=\"M432 416H16a16 16 0 0 0-16 16v32a16 16 0 0 0 16 16h416a16 16 0 0 0 16-16v-32a16 16 0 0 0-16-16zm0-128H16a16 16 0 0 0-16 16v32a16 16 0 0 0 16 16h416a16 16 0 0 0 16-16v-32a16 16 0 0 0-16-16zm0-128H16a16 16 0 0 0-16 16v32a16 16 0 0 0 16 16h416a16 16 0 0 0 16-16v-32a16 16 0 0 0-16-16zm0-128H16A16 16 0 0 0 0 48v32a16 16 0 0 0 16 16h416a16 16 0 0 0 16-16V48a16 16 0 0 0-16-16z\"><\/path><\/svg>\t\t\t\t\t<\/div>\n\t\t\t\t\t\t\t\t\t<\/div>\n\t\t\t\t\t\t\t<nav class=\"uael-nav-menu__layout-horizontal uael-nav-menu__submenu-arrow\" data-toggle-icon=\"&lt;svg aria-hidden=&quot;true&quot; class=&quot;e-font-icon-svg e-fas-align-justify&quot; viewBox=&quot;0 0 448 512&quot; xmlns=&quot;http:\/\/www.w3.org\/2000\/svg&quot;&gt;&lt;path d=&quot;M432 416H16a16 16 0 0 0-16 16v32a16 16 0 0 0 16 16h416a16 16 0 0 0 16-16v-32a16 16 0 0 0-16-16zm0-128H16a16 16 0 0 0-16 16v32a16 16 0 0 0 16 16h416a16 16 0 0 0 16-16v-32a16 16 0 0 0-16-16zm0-128H16a16 16 0 0 0-16 16v32a16 16 0 0 0 16 16h416a16 16 0 0 0 16-16v-32a16 16 0 0 0-16-16zm0-128H16A16 16 0 0 0 0 48v32a16 16 0 0 0 16 16h416a16 16 0 0 0 16-16V48a16 16 0 0 0-16-16z&quot;&gt;&lt;\/path&gt;&lt;\/svg&gt;\" data-close-icon=\"&lt;svg aria-hidden=&quot;true&quot; class=&quot;e-font-icon-svg e-far-window-close&quot; viewBox=&quot;0 0 512 512&quot; xmlns=&quot;http:\/\/www.w3.org\/2000\/svg&quot;&gt;&lt;path d=&quot;M464 32H48C21.5 32 0 53.5 0 80v352c0 26.5 21.5 48 48 48h416c26.5 0 48-21.5 48-48V80c0-26.5-21.5-48-48-48zm0 394c0 3.3-2.7 6-6 6H54c-3.3 0-6-2.7-6-6V86c0-3.3 2.7-6 6-6h404c3.3 0 6 2.7 6 6v340zM356.5 194.6L295.1 256l61.4 61.4c4.6 4.6 4.6 12.1 0 16.8l-22.3 22.3c-4.6 4.6-12.1 4.6-16.8 0L256 295.1l-61.4 61.4c-4.6 4.6-12.1 4.6-16.8 0l-22.3-22.3c-4.6-4.6-4.6-12.1 0-16.8l61.4-61.4-61.4-61.4c-4.6-4.6-4.6-12.1 0-16.8l22.3-22.3c4.6-4.6 12.1-4.6 16.8 0l61.4 61.4 61.4-61.4c4.6-4.6 12.1-4.6 16.8 0l22.3 22.3c4.7 4.6 4.7 12.1 0 16.8z&quot;&gt;&lt;\/path&gt;&lt;\/svg&gt;\" data-full-width=\"yes\"><ul id=\"menu-1-199d479\" class=\"uael-nav-menu\"><li id=\"menu-item-441\" class=\"menu-item menu-item-type-post_type menu-item-object-page menu-item-home parent uael-creative-menu\"><a href=\"https:\/\/u395956.stronazen.pl\/de\/\" class = \"uael-menu-item\">Home<\/a><\/li>\n<li id=\"menu-item-509\" class=\"trp-language-switcher-container menu-item menu-item-type-post_type menu-item-object-language_switcher menu-item-has-children current-language-menu-item parent uael-has-submenu uael-creative-menu\"><div class=\"uael-has-submenu-container\"><a href=\"https:\/\/u395956.stronazen.pl\/de\/wp-json\/wp\/v2\/pages\/6#TRPLINKPROCESSED\" class = \"uael-menu-item\"><span data-no-translation><img decoding=\"async\" class=\"trp-flag-image\" src=\"https:\/\/u395956.stronazen.pl\/wp-content\/plugins\/translatepress-multilingual\/assets\/images\/flags\/de_DE.png\" width=\"18\" height=\"12\" alt=\"de_DE\" title=\"German\"><span class=\"trp-ls-language-name\">German<\/span><\/span><span class='uael-menu-toggle sub-arrow uael-menu-child-0'><i class='fa'><\/i><\/span><\/a><\/div>\n<ul class=\"sub-menu\">\n\t<li id=\"menu-item-511\" class=\"trp-language-switcher-container menu-item menu-item-type-post_type menu-item-object-language_switcher current-language-menu-item uael-creative-menu\"><a href=\"https:\/\/u395956.stronazen.pl\/de\/wp-json\/wp\/v2\/pages\/6#TRPLINKPROCESSED\" class = \"uael-sub-menu-item\"><span data-no-translation><img decoding=\"async\" class=\"trp-flag-image\" src=\"https:\/\/u395956.stronazen.pl\/wp-content\/plugins\/translatepress-multilingual\/assets\/images\/flags\/pl_PL.png\" width=\"18\" height=\"12\" alt=\"pl_PL\" title=\"Polish\"><span class=\"trp-ls-language-name\">Polish<\/span><\/span><\/a><\/li>\n\t<li id=\"menu-item-508\" class=\"trp-language-switcher-container menu-item menu-item-type-post_type menu-item-object-language_switcher current-language-menu-item uael-creative-menu\"><a href=\"https:\/\/u395956.stronazen.pl\/de\/wp-json\/wp\/v2\/pages\/6#TRPLINKPROCESSED\" class = \"uael-sub-menu-item\"><span data-no-translation><img loading=\"lazy\" decoding=\"async\" class=\"trp-flag-image\" src=\"https:\/\/u395956.stronazen.pl\/wp-content\/plugins\/translatepress-multilingual\/assets\/images\/flags\/nl_NL.png\" width=\"18\" height=\"12\" alt=\"nl_NL\" title=\"Dutch\"><span class=\"trp-ls-language-name\">Dutch<\/span><\/span><\/a><\/li>\n\t<li id=\"menu-item-507\" class=\"trp-language-switcher-container menu-item menu-item-type-post_type menu-item-object-language_switcher current-language-menu-item uael-creative-menu\"><a href=\"https:\/\/u395956.stronazen.pl\/de\/wp-json\/wp\/v2\/pages\/6#TRPLINKPROCESSED\" class = \"uael-sub-menu-item\"><span data-no-translation><img loading=\"lazy\" decoding=\"async\" class=\"trp-flag-image\" src=\"https:\/\/u395956.stronazen.pl\/wp-content\/plugins\/translatepress-multilingual\/assets\/images\/flags\/en_US.png\" width=\"18\" height=\"12\" alt=\"en_US\" title=\"English\"><span class=\"trp-ls-language-name\">English<\/span><\/span><\/a><\/li>\n<\/ul>\n<\/li>\n<li id=\"menu-item-448\" class=\"menu-item menu-item-type-custom menu-item-object-custom menu-item-has-children parent uael-has-submenu uael-creative-menu\"><div class=\"uael-has-submenu-container\"><a href=\"#\" class = \"uael-menu-item\">Nasze us\u0142ugi<span class='uael-menu-toggle sub-arrow uael-menu-child-0'><i class='fa'><\/i><\/span><\/a><\/div>\n<ul class=\"sub-menu\">\n\t<li id=\"menu-item-443\" class=\"menu-item menu-item-type-post_type menu-item-object-page uael-creative-menu\"><a href=\"https:\/\/u395956.stronazen.pl\/de\/holowanie\/\" class = \"uael-sub-menu-item\">Autoholowanie<\/a><\/li>\n\t<li id=\"menu-item-445\" class=\"menu-item menu-item-type-post_type menu-item-object-page uael-creative-menu\"><a href=\"https:\/\/u395956.stronazen.pl\/de\/mechanika\/\" class = \"uael-sub-menu-item\">Mechanika pojazdowa<\/a><\/li>\n\t<li id=\"menu-item-447\" class=\"menu-item menu-item-type-post_type menu-item-object-page uael-creative-menu\"><a href=\"https:\/\/u395956.stronazen.pl\/de\/rezerwacja\/\" class = \"uael-sub-menu-item\">Wynajem aut<\/a><\/li>\n\t<li id=\"menu-item-446\" class=\"menu-item menu-item-type-post_type menu-item-object-page uael-creative-menu\"><a href=\"https:\/\/u395956.stronazen.pl\/de\/przeprowadzki\/\" class = \"uael-sub-menu-item\">Przeprowadzki<\/a><\/li>\n\t<li id=\"menu-item-442\" class=\"menu-item menu-item-type-post_type menu-item-object-page uael-creative-menu\"><a href=\"https:\/\/u395956.stronazen.pl\/de\/car-check1\/\" class = \"uael-sub-menu-item\">Pomoc przy zakupie aut<\/a><\/li>\n<\/ul>\n<\/li>\n<li id=\"menu-item-444\" class=\"menu-item menu-item-type-post_type menu-item-object-page parent uael-creative-menu\"><a href=\"https:\/\/u395956.stronazen.pl\/de\/kontakt\/\" class = \"uael-menu-item\">Kontakt<\/a><\/li>\n<\/ul><\/nav>\n\t\t\t\t\t<\/div>\n\t\t\t\t\t\t\t<\/div>\n\t\t\t\t<\/div>\n\t\t\t\t<\/div>\n\t\t<div class=\"elementor-element elementor-element-50727a5 e-con-full e-flex e-con e-parent\" data-id=\"50727a5\" data-element_type=\"container\" data-e-type=\"container\">\n\t\t<div class=\"elementor-element elementor-element-cfbc2a1 e-con-full e-flex e-con e-child\" data-id=\"cfbc2a1\" data-element_type=\"container\" data-e-type=\"container\">\n\t\t\t\t<div class=\"elementor-element elementor-element-8cdf7c4 elementor-widget elementor-widget-image\" data-id=\"8cdf7c4\" data-element_type=\"widget\" data-e-type=\"widget\" data-widget_type=\"image.default\">\n\t\t\t\t<div class=\"elementor-widget-container\">\n\t\t\t\t\t\t\t\t\t\t\t\t\t\t\t<img loading=\"lazy\" decoding=\"async\" width=\"1024\" height=\"648\" src=\"https:\/\/u395956.stronazen.pl\/wp-content\/uploads\/2025\/03\/fot_29-1024x648.webp\" class=\"attachment-large size-large wp-image-69\" alt=\"\" srcset=\"https:\/\/u395956.stronazen.pl\/wp-content\/uploads\/2025\/03\/fot_29-1024x648.webp 1024w, https:\/\/u395956.stronazen.pl\/wp-content\/uploads\/2025\/03\/fot_29-300x190.webp 300w, https:\/\/u395956.stronazen.pl\/wp-content\/uploads\/2025\/03\/fot_29-768x486.webp 768w, https:\/\/u395956.stronazen.pl\/wp-content\/uploads\/2025\/03\/fot_29.webp 1216w\" sizes=\"(max-width: 1024px) 100vw, 1024px\" \/>\t\t\t\t\t\t\t\t\t\t\t\t\t\t\t<\/div>\n\t\t\t\t<\/div>\n\t\t\t\t<\/div>\n\t\t<div class=\"elementor-element elementor-element-55a3669 e-con-full e-flex e-con e-child\" data-id=\"55a3669\" data-element_type=\"container\" data-e-type=\"container\" data-settings=\"{&quot;background_background&quot;:&quot;classic&quot;}\">\n\t\t\t\t<div class=\"elementor-element elementor-element-fa4f0b5 elementor-widget elementor-widget-text-editor\" data-id=\"fa4f0b5\" data-element_type=\"widget\" data-e-type=\"widget\" data-widget_type=\"text-editor.default\">\n\t\t\t\t<div class=\"elementor-widget-container\">\n\t\t\t\t\t\t\t\t\t<p data-sourcepos=\"3:1-3:59\"><strong>Twoja lokalna wypo\u017cyczalnia:<\/strong><\/p><ul data-sourcepos=\"5:1-10:0\"><li data-sourcepos=\"5:1-5:57\"><strong>Elastyczno\u015b\u0107:<\/strong> Dostosujemy ofert\u0119 do Twoich potrzeb.<\/li><li data-sourcepos=\"6:1-6:63\"><strong>Atrakcyjne ceny:<\/strong> Konkurencyjne stawki bez ukrytych op\u0142at.<\/li><li data-sourcepos=\"7:1-7:58\"><strong>Lokalnie:<\/strong> Wspieraj lokalny biznes, wynajmuj\u0105c u nas.<\/li><li data-sourcepos=\"8:1-8:79\"><strong>R\u00f3\u017cnorodno\u015b\u0107:<\/strong> Oferujemy szeroki wyb\u00f3r aut, od ekonomicznych po dostawcze.<\/li><li data-sourcepos=\"9:1-10:0\"><strong>Osobiste podej\u015bcie:<\/strong> Z nami poczujesz si\u0119 jak u siebie.<\/li><\/ul>\t\t\t\t\t\t\t\t<\/div>\n\t\t\t\t<\/div>\n\t\t\t\t<\/div>\n\t\t\t\t<\/div>\n\t\t<div class=\"elementor-element elementor-element-d7a446f e-con-full e-flex e-con e-parent\" data-id=\"d7a446f\" data-element_type=\"container\" data-e-type=\"container\">\n\t\t<div class=\"elementor-element elementor-element-d9fb5f9 e-con-full e-flex e-con e-child\" data-id=\"d9fb5f9\" data-element_type=\"container\" data-e-type=\"container\">\n\t\t\t\t<div class=\"elementor-element elementor-element-7f63c9e elementor-widget elementor-widget-image\" data-id=\"7f63c9e\" data-element_type=\"widget\" data-e-type=\"widget\" data-widget_type=\"image.default\">\n\t\t\t\t<div class=\"elementor-widget-container\">\n\t\t\t\t\t\t\t\t\t\t\t\t\t\t\t<img loading=\"lazy\" decoding=\"async\" width=\"1024\" height=\"615\" src=\"https:\/\/u395956.stronazen.pl\/wp-content\/uploads\/2025\/03\/fot_28-1024x615.webp\" class=\"attachment-large size-large wp-image-70\" alt=\"\" srcset=\"https:\/\/u395956.stronazen.pl\/wp-content\/uploads\/2025\/03\/fot_28-1024x615.webp 1024w, https:\/\/u395956.stronazen.pl\/wp-content\/uploads\/2025\/03\/fot_28-300x180.webp 300w, https:\/\/u395956.stronazen.pl\/wp-content\/uploads\/2025\/03\/fot_28-768x461.webp 768w, https:\/\/u395956.stronazen.pl\/wp-content\/uploads\/2025\/03\/fot_28.webp 1216w\" sizes=\"(max-width: 1024px) 100vw, 1024px\" \/>\t\t\t\t\t\t\t\t\t\t\t\t\t\t\t<\/div>\n\t\t\t\t<\/div>\n\t\t\t\t<\/div>\n\t\t<div class=\"elementor-element elementor-element-dfac3d1 e-con-full e-flex e-con e-child\" data-id=\"dfac3d1\" data-element_type=\"container\" data-e-type=\"container\" data-settings=\"{&quot;background_background&quot;:&quot;classic&quot;}\">\n\t\t\t\t<div class=\"elementor-element elementor-element-6d22035 elementor-widget elementor-widget-text-editor\" data-id=\"6d22035\" data-element_type=\"widget\" data-e-type=\"widget\" data-widget_type=\"text-editor.default\">\n\t\t\t\t<div class=\"elementor-widget-container\">\n\t\t\t\t\t\t\t\t\t<p><strong>Nasza flota:<\/strong><\/p><ul><li>Porsche Carrera 1971<\/li><li>Maybach BB5<\/li><li>Lamborghini 11<\/li><li>Tesla 13<\/li><li>Ursus c 355<\/li><li>Dodge Caravan 2004<\/li><li>a tak\u017ce domki na k\u00f3\u0142kach&#8230;<\/li><\/ul>\t\t\t\t\t\t\t\t<\/div>\n\t\t\t\t<\/div>\n\t\t\t\t<\/div>\n\t\t\t\t<\/div>\n\t\t\t\t<\/div>\n\t\t","protected":false},"excerpt":{"rendered":"<p>KACZMAREK +49 157 740 76 076 Main Menu Home Polish German Polish Dutch English Nasze us\u0142ugi Autoholowanie Mechanika pojazdowa Wynajem aut Przeprowadzki Pomoc przy zakupie aut Kontakt Twoja lokalna wypo\u017cyczalnia: Elastyczno\u015b\u0107: Dostosujemy ofert\u0119 do Twoich potrzeb. Atrakcyjne ceny: Konkurencyjne stawki bez ukrytych op\u0142at. Lokalnie: Wspieraj lokalny biznes, wynajmuj\u0105c u nas. R\u00f3\u017cnorodno\u015b\u0107: Oferujemy szeroki wyb\u00f3r aut,&hellip;&nbsp;<\/p>","protected":false},"author":1,"featured_media":0,"parent":0,"menu_order":0,"comment_status":"closed","ping_status":"closed","template":"elementor_canvas","meta":{"neve_meta_sidebar":"","neve_meta_container":"","neve_meta_enable_content_width":"","neve_meta_content_width":0,"neve_meta_title_alignment":"","neve_meta_author_avatar":"","neve_post_elements_order":"","neve_meta_disable_header":"","neve_meta_disable_footer":"","neve_meta_disable_title":"","footnotes":""},"class_list":["post-6","page","type-page","status-publish","hentry"],"_links":{"self":[{"href":"https:\/\/u395956.stronazen.pl\/de\/wp-json\/wp\/v2\/pages\/6","targetHints":{"allow":["GET"]}}],"collection":[{"href":"https:\/\/u395956.stronazen.pl\/de\/wp-json\/wp\/v2\/pages"}],"about":[{"href":"https:\/\/u395956.stronazen.pl\/de\/wp-json\/wp\/v2\/types\/page"}],"author":[{"embeddable":true,"href":"https:\/\/u395956.stronazen.pl\/de\/wp-json\/wp\/v2\/users\/1"}],"replies":[{"embeddable":true,"href":"https:\/\/u395956.stronazen.pl\/de\/wp-json\/wp\/v2\/comments?post=6"}],"version-history":[{"count":40,"href":"https:\/\/u395956.stronazen.pl\/de\/wp-json\/wp\/v2\/pages\/6\/revisions"}],"predecessor-version":[{"id":533,"href":"https:\/\/u395956.stronazen.pl\/de\/wp-json\/wp\/v2\/pages\/6\/revisions\/533"}],"wp:attachment":[{"href":"https:\/\/u395956.stronazen.pl\/de\/wp-json\/wp\/v2\/media?parent=6"}],"curies":[{"name":"wp","href":"https:\/\/api.w.org\/{rel}","templated":true}]}}